{"id":11,"date":"2021-03-17T19:54:10","date_gmt":"2021-03-17T19:54:10","guid":{"rendered":"http:\/\/maario.webd.pro\/home\/maario\/public_html\/?page_id=11"},"modified":"2021-03-17T20:13:29","modified_gmt":"2021-03-17T20:13:29","slug":"o-nas","status":"publish","type":"page","link":"http:\/\/maario.webd.pro\/home\/maario\/public_html\/?page_id=11","title":{"rendered":"O nas"},"content":{"rendered":"\n<p>Jeste\u015bmy niezale\u017cnym dostawc\u0105 szerokopasmowego Internetu. Od ponad 10 lat dostarczamy najwy\u017cszej jako\u015bci us\u0142ugi telekomunikacyjne na potrzeby Klient\u00f3w indywidualnych, Klient\u00f3w biznesowych.<\/p>\n\n\n\n<p>To co nas wyr\u00f3\u017cnia na tle konkurencji to przede wszystkim indywidualne podej\u015bcie oraz elastyczno\u015b\u0107 kt\u00f3ra pozwala na stworzenie idealnej oferty zgodnie z potrzebami nawet najbardziej wymagaj\u0105cego klienta.<br>Nasze us\u0142ugi dost\u0119powe realizujemy za pomoc\u0105 \u0142\u0105czy bezprzewodowych (pasma licencjonowane oraz nielicencjonowane) oraz \u0142\u0105czy \u015bwiat\u0142owodowych w oparciu o architektur\u0119 FTTx<\/p>\n","protected":false},"excerpt":{"rendered":"<p>Jeste\u015bmy niezale\u017cnym dostawc\u0105 szerokopasmowego Internetu. Od ponad 10 lat dostarczamy najwy\u017cszej jako\u015bci us\u0142ugi telekomunikacyjne na potrzeby Klient\u00f3w indywidualnych, Klient\u00f3w biznesowych. To co nas wyr\u00f3\u017cnia na tle konkurencji to przede wszystkim indywidualne podej\u015bcie oraz elastyczno\u015b\u0107 kt\u00f3ra pozwala na stworzenie idealnej oferty&#8230;<\/p>\n","protected":false},"author":1,"featured_media":0,"parent":0,"menu_order":0,"comment_status":"closed","ping_status":"closed","template":"","meta":[],"_links":{"self":[{"href":"http:\/\/maario.webd.pro\/home\/maario\/public_html\/index.php?rest_route=\/wp\/v2\/pages\/11"}],"collection":[{"href":"http:\/\/maario.webd.pro\/home\/maario\/public_html\/index.php?rest_route=\/wp\/v2\/pages"}],"about":[{"href":"http:\/\/maario.webd.pro\/home\/maario\/public_html\/index.php?rest_route=\/wp\/v2\/types\/page"}],"author":[{"embeddable":true,"href":"http:\/\/maario.webd.pro\/home\/maario\/public_html\/index.php?rest_route=\/wp\/v2\/users\/1"}],"replies":[{"embeddable":true,"href":"http:\/\/maario.webd.pro\/home\/maario\/public_html\/index.php?rest_route=%2Fwp%2Fv2%2Fcomments&post=11"}],"version-history":[{"count":2,"href":"http:\/\/maario.webd.pro\/home\/maario\/public_html\/index.php?rest_route=\/wp\/v2\/pages\/11\/revisions"}],"predecessor-version":[{"id":36,"href":"http:\/\/maario.webd.pro\/home\/maario\/public_html\/index.php?rest_route=\/wp\/v2\/pages\/11\/revisions\/36"}],"wp:attachment":[{"href":"http:\/\/maario.webd.pro\/home\/maario\/public_html\/index.php?rest_route=%2Fwp%2Fv2%2Fmedia&parent=11"}],"curies":[{"name":"wp","href":"https:\/\/api.w.org\/{rel}","templated":true}]}}